{"id":694,"date":"2022-05-09T19:46:43","date_gmt":"2022-05-09T19:46:43","guid":{"rendered":"https:\/\/www.konseo.cz\/?page_id=694"},"modified":"2024-01-26T13:04:05","modified_gmt":"2024-01-26T13:04:05","slug":"rd-praha-kunratice","status":"publish","type":"page","link":"https:\/\/www.konseo.cz\/?page_id=694","title":{"rendered":"RD Praha Kunratice"},"content":{"rendered":"\t\t<div data-elementor-type=\"wp-page\" data-elementor-id=\"694\" class=\"elementor elementor-694\">\n\t\t\t\t\t\t<section class=\"elementor-section elementor-top-section elementor-element elementor-element-14495e8 elementor-section-boxed elementor-section-height-default elementor-section-height-default\" data-id=\"14495e8\" data-element_type=\"section\" data-e-type=\"section\">\n\t\t\t\t\t\t<div class=\"elementor-container elementor-column-gap-default\">\n\t\t\t\t\t<div class=\"elementor-column elementor-col-100 elementor-top-column elementor-element elementor-element-f94d5b5\" data-id=\"f94d5b5\" data-element_type=\"column\" data-e-type=\"column\">\n\t\t\t<div class=\"elementor-widget-wrap elementor-element-populated\">\n\t\t\t\t\t\t<div class=\"elementor-element elementor-element-5fd4160 elementor-widget elementor-widget-spacer\" data-id=\"5fd4160\" data-element_type=\"widget\" data-e-type=\"widget\" data-widget_type=\"spacer.default\">\n\t\t\t\t<div class=\"elementor-widget-container\">\n\t\t\t\t\t\t\t<div class=\"elementor-spacer\">\n\t\t\t<div class=\"elementor-spacer-inner\"><\/div>\n\t\t<\/div>\n\t\t\t\t\t\t<\/div>\n\t\t\t\t<\/div>\n\t\t\t\t\t<\/div>\n\t\t<\/div>\n\t\t\t\t\t<\/div>\n\t\t<\/section>\n\t\t\t\t<section class=\"elementor-section elementor-top-section elementor-element elementor-element-8132d5a elementor-hidden-mobile elementor-section-boxed elementor-section-height-default elementor-section-height-default\" data-id=\"8132d5a\" data-element_type=\"section\" data-e-type=\"section\">\n\t\t\t\t\t\t<div class=\"elementor-container elementor-column-gap-default\">\n\t\t\t\t\t<div class=\"elementor-column elementor-col-66 elementor-top-column elementor-element elementor-element-6467d47\" data-id=\"6467d47\" data-element_type=\"column\" data-e-type=\"column\">\n\t\t\t<div class=\"elementor-widget-wrap elementor-element-populated\">\n\t\t\t\t\t\t<div class=\"elementor-element elementor-element-fdccf50 elementor-invisible elementor-widget elementor-widget-image\" data-id=\"fdccf50\" data-element_type=\"widget\" data-e-type=\"widget\" data-settings=\"{&quot;_animation&quot;:&quot;slideInLeft&quot;}\" data-widget_type=\"image.default\">\n\t\t\t\t<div class=\"elementor-widget-container\">\n\t\t\t\t\t\t\t\t\t\t\t\t\t\t\t<img fetchpriority=\"high\" decoding=\"async\" width=\"768\" height=\"512\" src=\"https:\/\/www.konseo.cz\/wp-content\/uploads\/2022\/05\/Image0001-5-768x512.jpg\" class=\"attachment-medium_large size-medium_large wp-image-695\" alt=\"\" srcset=\"https:\/\/www.konseo.cz\/wp-content\/uploads\/2022\/05\/Image0001-5-768x512.jpg 768w, https:\/\/www.konseo.cz\/wp-content\/uploads\/2022\/05\/Image0001-5-300x200.jpg 300w, https:\/\/www.konseo.cz\/wp-content\/uploads\/2022\/05\/Image0001-5.jpg 1024w\" sizes=\"(max-width: 768px) 100vw, 768px\" \/>\t\t\t\t\t\t\t\t\t\t\t\t\t\t\t<\/div>\n\t\t\t\t<\/div>\n\t\t\t\t\t<\/div>\n\t\t<\/div>\n\t\t\t\t<div class=\"elementor-column elementor-col-33 elementor-top-column elementor-element elementor-element-4bfe615\" data-id=\"4bfe615\" data-element_type=\"column\" data-e-type=\"column\">\n\t\t\t<div class=\"elementor-widget-wrap elementor-element-populated\">\n\t\t\t\t\t\t<div class=\"elementor-element elementor-element-b4aad62 elementor-widget elementor-widget-heading\" data-id=\"b4aad62\" data-element_type=\"widget\" data-e-type=\"widget\" data-widget_type=\"heading.default\">\n\t\t\t\t<div class=\"elementor-widget-container\">\n\t\t\t\t\t<h1 class=\"elementor-heading-title elementor-size-default\">RD Praha Kunratice<\/h1>\t\t\t\t<\/div>\n\t\t\t\t<\/div>\n\t\t\t\t<div class=\"elementor-element elementor-element-0b39e77 elementor-widget elementor-widget-text-editor\" data-id=\"0b39e77\" data-element_type=\"widget\" data-e-type=\"widget\" data-widget_type=\"text-editor.default\">\n\t\t\t\t<div class=\"elementor-widget-container\">\n\t\t\t\t\t\t\t\t\t<p>Dokumentace ke stavebn\u00edmu \u0159\u00edzen\u00ed a pro prov\u00e1d\u011bn\u00ed<\/p><p>Architekt: MACHAR TEICHMAN architects<\/p>\t\t\t\t\t\t\t\t<\/div>\n\t\t\t\t<\/div>\n\t\t\t\t\t<\/div>\n\t\t<\/div>\n\t\t\t\t\t<\/div>\n\t\t<\/section>\n\t\t\t\t<section class=\"elementor-section elementor-top-section elementor-element elementor-element-759257d elementor-hidden-desktop elementor-hidden-tablet elementor-section-boxed elementor-section-height-default elementor-section-height-default\" data-id=\"759257d\" data-element_type=\"section\" data-e-type=\"section\">\n\t\t\t\t\t\t<div class=\"elementor-container elementor-column-gap-default\">\n\t\t\t\t\t<div class=\"elementor-column elementor-col-66 elementor-top-column elementor-element elementor-element-8dc1755\" data-id=\"8dc1755\" data-element_type=\"column\" data-e-type=\"column\">\n\t\t\t<div class=\"elementor-widget-wrap elementor-element-populated\">\n\t\t\t\t\t\t<div class=\"elementor-element elementor-element-7014449 elementor-widget elementor-widget-heading\" data-id=\"7014449\" data-element_type=\"widget\" data-e-type=\"widget\" data-widget_type=\"heading.default\">\n\t\t\t\t<div class=\"elementor-widget-container\">\n\t\t\t\t\t<h1 class=\"elementor-heading-title elementor-size-default\">RD Praha Kunratice<\/h1>\t\t\t\t<\/div>\n\t\t\t\t<\/div>\n\t\t\t\t<div class=\"elementor-element elementor-element-500794c elementor-widget elementor-widget-text-editor\" data-id=\"500794c\" data-element_type=\"widget\" data-e-type=\"widget\" data-widget_type=\"text-editor.default\">\n\t\t\t\t<div class=\"elementor-widget-container\">\n\t\t\t\t\t\t\t\t\t<p>Dokumentace ke stavebn\u00edmu \u0159\u00edzen\u00ed a pro prov\u00e1d\u011bn\u00ed<\/p><p>Architekt: MACHAR TEICHMAN architects<\/p>\t\t\t\t\t\t\t\t<\/div>\n\t\t\t\t<\/div>\n\t\t\t\t<div class=\"elementor-element elementor-element-7af3190 elementor-invisible elementor-widget elementor-widget-image\" data-id=\"7af3190\" data-element_type=\"widget\" data-e-type=\"widget\" data-settings=\"{&quot;_animation&quot;:&quot;slideInLeft&quot;}\" data-widget_type=\"image.default\">\n\t\t\t\t<div class=\"elementor-widget-container\">\n\t\t\t\t\t\t\t\t\t\t\t\t\t\t\t<img fetchpriority=\"high\" decoding=\"async\" width=\"768\" height=\"512\" src=\"https:\/\/www.konseo.cz\/wp-content\/uploads\/2022\/05\/Image0001-5-768x512.jpg\" class=\"attachment-medium_large size-medium_large wp-image-695\" alt=\"\" srcset=\"https:\/\/www.konseo.cz\/wp-content\/uploads\/2022\/05\/Image0001-5-768x512.jpg 768w, https:\/\/www.konseo.cz\/wp-content\/uploads\/2022\/05\/Image0001-5-300x200.jpg 300w, https:\/\/www.konseo.cz\/wp-content\/uploads\/2022\/05\/Image0001-5.jpg 1024w\" sizes=\"(max-width: 768px) 100vw, 768px\" \/>\t\t\t\t\t\t\t\t\t\t\t\t\t\t\t<\/div>\n\t\t\t\t<\/div>\n\t\t\t\t\t<\/div>\n\t\t<\/div>\n\t\t\t\t<div class=\"elementor-column elementor-col-33 elementor-top-column elementor-element elementor-element-450f8d6\" data-id=\"450f8d6\" data-element_type=\"column\" data-e-type=\"column\">\n\t\t\t<div class=\"elementor-widget-wrap\">\n\t\t\t\t\t\t\t<\/div>\n\t\t<\/div>\n\t\t\t\t\t<\/div>\n\t\t<\/section>\n\t\t\t\t<section class=\"elementor-section elementor-top-section elementor-element elementor-element-15cc994 elementor-section-boxed elementor-section-height-default elementor-section-height-default\" data-id=\"15cc994\" data-element_type=\"section\" data-e-type=\"section\">\n\t\t\t\t\t\t<div class=\"elementor-container elementor-column-gap-default\">\n\t\t\t\t\t<div class=\"elementor-column elementor-col-100 elementor-top-column elementor-element elementor-element-426e5c2\" data-id=\"426e5c2\" data-element_type=\"column\" data-e-type=\"column\">\n\t\t\t<div class=\"elementor-widget-wrap elementor-element-populated\">\n\t\t\t\t\t\t<div class=\"elementor-element elementor-element-71c8d0d elementor-widget elementor-widget-spacer\" data-id=\"71c8d0d\" data-element_type=\"widget\" data-e-type=\"widget\" data-widget_type=\"spacer.default\">\n\t\t\t\t<div class=\"elementor-widget-container\">\n\t\t\t\t\t\t\t<div class=\"elementor-spacer\">\n\t\t\t<div class=\"elementor-spacer-inner\"><\/div>\n\t\t<\/div>\n\t\t\t\t\t\t<\/div>\n\t\t\t\t<\/div>\n\t\t\t\t\t<\/div>\n\t\t<\/div>\n\t\t\t\t\t<\/div>\n\t\t<\/section>\n\t\t\t\t<section class=\"elementor-section elementor-top-section elementor-element elementor-element-389120c elementor-section-boxed elementor-section-height-default elementor-section-height-default\" data-id=\"389120c\" data-element_type=\"section\" data-e-type=\"section\">\n\t\t\t\t\t\t<div class=\"elementor-container elementor-column-gap-default\">\n\t\t\t\t\t<div class=\"elementor-column elementor-col-100 elementor-top-column elementor-element elementor-element-1594be5\" data-id=\"1594be5\" data-element_type=\"column\" data-e-type=\"column\">\n\t\t\t<div class=\"elementor-widget-wrap elementor-element-populated\">\n\t\t\t\t\t\t<div class=\"elementor-element elementor-element-8fb2c58 elementor-arrows-position-inside elementor-pagination-position-outside elementor-widget elementor-widget-image-carousel\" data-id=\"8fb2c58\" data-element_type=\"widget\" data-e-type=\"widget\" data-settings=\"{&quot;slides_to_show&quot;:&quot;3&quot;,&quot;navigation&quot;:&quot;both&quot;,&quot;autoplay&quot;:&quot;yes&quot;,&quot;pause_on_hover&quot;:&quot;yes&quot;,&quot;pause_on_interaction&quot;:&quot;yes&quot;,&quot;autoplay_speed&quot;:5000,&quot;infinite&quot;:&quot;yes&quot;,&quot;speed&quot;:500}\" data-widget_type=\"image-carousel.default\">\n\t\t\t\t<div class=\"elementor-widget-container\">\n\t\t\t\t\t\t\t<div class=\"elementor-image-carousel-wrapper swiper\" role=\"region\" aria-roledescription=\"carousel\" aria-label=\"Obr\u00e1zkov\u00fd koloto\u010d\" dir=\"ltr\">\n\t\t\t<div class=\"elementor-image-carousel swiper-wrapper swiper-image-stretch\" aria-live=\"off\">\n\t\t\t\t\t\t\t\t<div class=\"swiper-slide\" role=\"group\" aria-roledescription=\"slide\" aria-label=\"1 z 5\"><a data-elementor-open-lightbox=\"yes\" data-elementor-lightbox-slideshow=\"8fb2c58\" data-elementor-lightbox-title=\"RD Praha Kunratice\" data-e-action-hash=\"#elementor-action%3Aaction%3Dlightbox%26settings%3DeyJpZCI6Njk1LCJ1cmwiOiJodHRwczpcL1wvd3d3LmtvbnNlby5jelwvd3AtY29udGVudFwvdXBsb2Fkc1wvMjAyMlwvMDVcL0ltYWdlMDAwMS01LmpwZyIsInNsaWRlc2hvdyI6IjhmYjJjNTgifQ%3D%3D\" href=\"https:\/\/www.konseo.cz\/wp-content\/uploads\/2022\/05\/Image0001-5.jpg\"><figure class=\"swiper-slide-inner\"><img decoding=\"async\" class=\"swiper-slide-image\" src=\"https:\/\/www.konseo.cz\/wp-content\/uploads\/2022\/05\/Image0001-5-768x512.jpg\" alt=\"RD Praha Kunratice\" \/><\/figure><\/a><\/div><div class=\"swiper-slide\" role=\"group\" aria-roledescription=\"slide\" aria-label=\"2 z 5\"><a data-elementor-open-lightbox=\"yes\" data-elementor-lightbox-slideshow=\"8fb2c58\" data-elementor-lightbox-title=\"RD Praha Kunratice\" data-e-action-hash=\"#elementor-action%3Aaction%3Dlightbox%26settings%3DeyJpZCI6Njk2LCJ1cmwiOiJodHRwczpcL1wvd3d3LmtvbnNlby5jelwvd3AtY29udGVudFwvdXBsb2Fkc1wvMjAyMlwvMDVcL0ltYWdlMDAwMi01LXNjYWxlZC5qcGciLCJzbGlkZXNob3ciOiI4ZmIyYzU4In0%3D\" href=\"https:\/\/www.konseo.cz\/wp-content\/uploads\/2022\/05\/Image0002-5-scaled.jpg\"><figure class=\"swiper-slide-inner\"><img decoding=\"async\" class=\"swiper-slide-image\" src=\"https:\/\/www.konseo.cz\/wp-content\/uploads\/2022\/05\/Image0002-5-768x576.jpg\" alt=\"RD Praha Kunratice\" \/><\/figure><\/a><\/div><div class=\"swiper-slide\" role=\"group\" aria-roledescription=\"slide\" aria-label=\"3 z 5\"><a data-elementor-open-lightbox=\"yes\" data-elementor-lightbox-slideshow=\"8fb2c58\" data-elementor-lightbox-title=\"RD Praha Kunratice\" data-e-action-hash=\"#elementor-action%3Aaction%3Dlightbox%26settings%3DeyJpZCI6Njk3LCJ1cmwiOiJodHRwczpcL1wvd3d3LmtvbnNlby5jelwvd3AtY29udGVudFwvdXBsb2Fkc1wvMjAyMlwvMDVcL0ltYWdlMDAwMy01LmpwZyIsInNsaWRlc2hvdyI6IjhmYjJjNTgifQ%3D%3D\" href=\"https:\/\/www.konseo.cz\/wp-content\/uploads\/2022\/05\/Image0003-5.jpg\"><figure class=\"swiper-slide-inner\"><img decoding=\"async\" class=\"swiper-slide-image\" src=\"https:\/\/www.konseo.cz\/wp-content\/uploads\/2022\/05\/Image0003-5-768x576.jpg\" alt=\"RD Praha Kunratice\" \/><\/figure><\/a><\/div><div class=\"swiper-slide\" role=\"group\" aria-roledescription=\"slide\" aria-label=\"4 z 5\"><a data-elementor-open-lightbox=\"yes\" data-elementor-lightbox-slideshow=\"8fb2c58\" data-elementor-lightbox-title=\"RD Praha Kunratice\" data-e-action-hash=\"#elementor-action%3Aaction%3Dlightbox%26settings%3DeyJpZCI6Njk4LCJ1cmwiOiJodHRwczpcL1wvd3d3LmtvbnNlby5jelwvd3AtY29udGVudFwvdXBsb2Fkc1wvMjAyMlwvMDVcL0ltYWdlMDAwNC01LXNjYWxlZC5qcGciLCJzbGlkZXNob3ciOiI4ZmIyYzU4In0%3D\" href=\"https:\/\/www.konseo.cz\/wp-content\/uploads\/2022\/05\/Image0004-5-scaled.jpg\"><figure class=\"swiper-slide-inner\"><img decoding=\"async\" class=\"swiper-slide-image\" src=\"https:\/\/www.konseo.cz\/wp-content\/uploads\/2022\/05\/Image0004-5-768x576.jpg\" alt=\"RD Praha Kunratice\" \/><\/figure><\/a><\/div><div class=\"swiper-slide\" role=\"group\" aria-roledescription=\"slide\" aria-label=\"5 z 5\"><a data-elementor-open-lightbox=\"yes\" data-elementor-lightbox-slideshow=\"8fb2c58\" data-elementor-lightbox-title=\"RD Praha Kunratice\" data-e-action-hash=\"#elementor-action%3Aaction%3Dlightbox%26settings%3DeyJpZCI6Njk5LCJ1cmwiOiJodHRwczpcL1wvd3d3LmtvbnNlby5jelwvd3AtY29udGVudFwvdXBsb2Fkc1wvMjAyMlwvMDVcL0ltYWdlMDAwNS02LXNjYWxlZC5qcGciLCJzbGlkZXNob3ciOiI4ZmIyYzU4In0%3D\" href=\"https:\/\/www.konseo.cz\/wp-content\/uploads\/2022\/05\/Image0005-6-scaled.jpg\"><figure class=\"swiper-slide-inner\"><img decoding=\"async\" class=\"swiper-slide-image\" src=\"https:\/\/www.konseo.cz\/wp-content\/uploads\/2022\/05\/Image0005-6-768x576.jpg\" alt=\"RD Praha Kunratice\" \/><\/figure><\/a><\/div>\t\t\t<\/div>\n\t\t\t\t\t\t\t\t\t\t\t\t<div class=\"elementor-swiper-button elementor-swiper-button-prev\" role=\"button\" tabindex=\"0\">\n\t\t\t\t\t\t<i aria-hidden=\"true\" class=\"eicon-chevron-left\"><\/i>\t\t\t\t\t<\/div>\n\t\t\t\t\t<div class=\"elementor-swiper-button elementor-swiper-button-next\" role=\"button\" tabindex=\"0\">\n\t\t\t\t\t\t<i aria-hidden=\"true\" class=\"eicon-chevron-right\"><\/i>\t\t\t\t\t<\/div>\n\t\t\t\t\n\t\t\t\t\t\t\t\t\t<div class=\"swiper-pagination\"><\/div>\n\t\t\t\t\t\t\t\t\t<\/div>\n\t\t\t\t\t\t<\/div>\n\t\t\t\t<\/div>\n\t\t\t\t\t<\/div>\n\t\t<\/div>\n\t\t\t\t\t<\/div>\n\t\t<\/section>\n\t\t\t\t<section class=\"elementor-section elementor-top-section elementor-element elementor-element-265af26 elementor-section-boxed elementor-section-height-default elementor-section-height-default\" data-id=\"265af26\" data-element_type=\"section\" data-e-type=\"section\">\n\t\t\t\t\t\t<div class=\"elementor-container elementor-column-gap-default\">\n\t\t\t\t\t<div class=\"elementor-column elementor-col-100 elementor-top-column elementor-element elementor-element-80a2629\" data-id=\"80a2629\" data-element_type=\"column\" data-e-type=\"column\">\n\t\t\t<div class=\"elementor-widget-wrap elementor-element-populated\">\n\t\t\t\t\t\t<div class=\"elementor-element elementor-element-247841d elementor-widget elementor-widget-spacer\" data-id=\"247841d\" data-element_type=\"widget\" data-e-type=\"widget\" data-widget_type=\"spacer.default\">\n\t\t\t\t<div class=\"elementor-widget-container\">\n\t\t\t\t\t\t\t<div class=\"elementor-spacer\">\n\t\t\t<div class=\"elementor-spacer-inner\"><\/div>\n\t\t<\/div>\n\t\t\t\t\t\t<\/div>\n\t\t\t\t<\/div>\n\t\t\t\t\t<\/div>\n\t\t<\/div>\n\t\t\t\t\t<\/div>\n\t\t<\/section>\n\t\t\t\t<\/div>\n\t\t","protected":false},"excerpt":{"rendered":"<p>RD Praha Kunratice Dokumentace ke stavebn\u00edmu \u0159\u00edzen\u00ed a pro prov\u00e1d\u011bn\u00ed Architekt: MACHAR TEICHMAN architects RD Praha Kunratice Dokumentace ke stavebn\u00edmu \u0159\u00edzen\u00ed a pro prov\u00e1d\u011bn\u00ed Architekt: MACHAR TEICHMAN architects<\/p>\n","protected":false},"author":1,"featured_media":0,"parent":0,"menu_order":0,"comment_status":"closed","ping_status":"closed","template":"","meta":{"site-sidebar-layout":"no-sidebar","site-content-layout":"page-builder","ast-global-header-display":"","ast-main-header-display":"","ast-hfb-above-header-display":"","ast-hfb-below-header-display":"","ast-hfb-mobile-header-display":"","site-post-title":"disabled","ast-breadcrumbs-content":"","ast-featured-img":"disabled","footer-sml-layout":"","theme-transparent-header-meta":"","adv-header-id-meta":"","stick-header-meta":"","header-above-stick-meta":"","header-main-stick-meta":"","header-below-stick-meta":"","footnotes":""},"class_list":["post-694","page","type-page","status-publish","hentry"],"yoast_head":"<!-- This site is optimized with the Yoast SEO plugin v27.4 - https:\/\/yoast.com\/product\/yoast-seo-wordpress\/ -->\n<title>RD Praha Kunratice - Konseo<\/title>\n<meta name=\"description\" content=\"V\u011bnujeme se projekt\u016fm od f\u00e1ze studie, p\u0159es stavebn\u00ed \u0159\u00edzen\u00ed a projekt pro prov\u00e1d\u011bn\u00ed a\u017e po d\u00edlenskou dokumentaci zhotovitele.\" \/>\n<meta name=\"robots\" content=\"index, follow, max-snippet:-1, max-image-preview:large, max-video-preview:-1\" \/>\n<link rel=\"canonical\" href=\"https:\/\/www.konseo.cz\/?page_id=694\" \/>\n<meta property=\"og:locale\" content=\"cs_CZ\" \/>\n<meta property=\"og:type\" content=\"article\" \/>\n<meta property=\"og:title\" content=\"RD Praha Kunratice - Konseo\" \/>\n<meta property=\"og:description\" content=\"V\u011bnujeme se projekt\u016fm od f\u00e1ze studie, p\u0159es stavebn\u00ed \u0159\u00edzen\u00ed a projekt pro prov\u00e1d\u011bn\u00ed a\u017e po d\u00edlenskou dokumentaci zhotovitele.\" \/>\n<meta property=\"og:url\" content=\"https:\/\/www.konseo.cz\/?page_id=694\" \/>\n<meta property=\"og:site_name\" content=\"Konseo\" \/>\n<meta property=\"article:modified_time\" content=\"2024-01-26T13:04:05+00:00\" \/>\n<meta property=\"og:image\" content=\"http:\/\/www.konseo.cz\/wp-content\/uploads\/2022\/05\/Image0001-5.jpg\" \/>\n\t<meta property=\"og:image:width\" content=\"1024\" \/>\n\t<meta property=\"og:image:height\" content=\"683\" \/>\n\t<meta property=\"og:image:type\" content=\"image\/jpeg\" \/>\n<meta name=\"twitter:card\" content=\"summary_large_image\" \/>\n<meta name=\"twitter:label1\" content=\"Odhadovan\u00e1 doba \u010dten\u00ed\" \/>\n\t<meta name=\"twitter:data1\" content=\"3 minuty\" \/>\n<script type=\"application\/ld+json\" class=\"yoast-schema-graph\">{\"@context\":\"https:\\\/\\\/schema.org\",\"@graph\":[{\"@type\":\"WebPage\",\"@id\":\"https:\\\/\\\/www.konseo.cz\\\/?page_id=694\",\"url\":\"https:\\\/\\\/www.konseo.cz\\\/?page_id=694\",\"name\":\"RD Praha Kunratice - Konseo\",\"isPartOf\":{\"@id\":\"https:\\\/\\\/www.konseo.cz\\\/#website\"},\"primaryImageOfPage\":{\"@id\":\"https:\\\/\\\/www.konseo.cz\\\/?page_id=694#primaryimage\"},\"image\":{\"@id\":\"https:\\\/\\\/www.konseo.cz\\\/?page_id=694#primaryimage\"},\"thumbnailUrl\":\"http:\\\/\\\/www.konseo.cz\\\/wp-content\\\/uploads\\\/2022\\\/05\\\/Image0001-5-768x512.jpg\",\"datePublished\":\"2022-05-09T19:46:43+00:00\",\"dateModified\":\"2024-01-26T13:04:05+00:00\",\"description\":\"V\u011bnujeme se projekt\u016fm od f\u00e1ze studie, p\u0159es stavebn\u00ed \u0159\u00edzen\u00ed a projekt pro prov\u00e1d\u011bn\u00ed a\u017e po d\u00edlenskou dokumentaci zhotovitele.\",\"breadcrumb\":{\"@id\":\"https:\\\/\\\/www.konseo.cz\\\/?page_id=694#breadcrumb\"},\"inLanguage\":\"cs\",\"potentialAction\":[{\"@type\":\"ReadAction\",\"target\":[\"https:\\\/\\\/www.konseo.cz\\\/?page_id=694\"]}]},{\"@type\":\"ImageObject\",\"inLanguage\":\"cs\",\"@id\":\"https:\\\/\\\/www.konseo.cz\\\/?page_id=694#primaryimage\",\"url\":\"http:\\\/\\\/www.konseo.cz\\\/wp-content\\\/uploads\\\/2022\\\/05\\\/Image0001-5-768x512.jpg\",\"contentUrl\":\"http:\\\/\\\/www.konseo.cz\\\/wp-content\\\/uploads\\\/2022\\\/05\\\/Image0001-5-768x512.jpg\"},{\"@type\":\"BreadcrumbList\",\"@id\":\"https:\\\/\\\/www.konseo.cz\\\/?page_id=694#breadcrumb\",\"itemListElement\":[{\"@type\":\"ListItem\",\"position\":1,\"name\":\"Dom\u016f\",\"item\":\"https:\\\/\\\/www.konseo.cz\\\/\"},{\"@type\":\"ListItem\",\"position\":2,\"name\":\"RD Praha Kunratice\"}]},{\"@type\":\"WebSite\",\"@id\":\"https:\\\/\\\/www.konseo.cz\\\/#website\",\"url\":\"https:\\\/\\\/www.konseo.cz\\\/\",\"name\":\"Konseo\",\"description\":\"Statick\u00e1 kancel\u00e1\u0159\",\"publisher\":{\"@id\":\"https:\\\/\\\/www.konseo.cz\\\/#organization\"},\"potentialAction\":[{\"@type\":\"SearchAction\",\"target\":{\"@type\":\"EntryPoint\",\"urlTemplate\":\"https:\\\/\\\/www.konseo.cz\\\/?s={search_term_string}\"},\"query-input\":{\"@type\":\"PropertyValueSpecification\",\"valueRequired\":true,\"valueName\":\"search_term_string\"}}],\"inLanguage\":\"cs\"},{\"@type\":\"Organization\",\"@id\":\"https:\\\/\\\/www.konseo.cz\\\/#organization\",\"name\":\"Konseo\",\"url\":\"https:\\\/\\\/www.konseo.cz\\\/\",\"logo\":{\"@type\":\"ImageObject\",\"inLanguage\":\"cs\",\"@id\":\"https:\\\/\\\/www.konseo.cz\\\/#\\\/schema\\\/logo\\\/image\\\/\",\"url\":\"https:\\\/\\\/www.konseo.cz\\\/wp-content\\\/uploads\\\/2022\\\/04\\\/logo5.png\",\"contentUrl\":\"https:\\\/\\\/www.konseo.cz\\\/wp-content\\\/uploads\\\/2022\\\/04\\\/logo5.png\",\"width\":950,\"height\":200,\"caption\":\"Konseo\"},\"image\":{\"@id\":\"https:\\\/\\\/www.konseo.cz\\\/#\\\/schema\\\/logo\\\/image\\\/\"}}]}<\/script>\n<!-- \/ Yoast SEO plugin. -->","yoast_head_json":{"title":"RD Praha Kunratice - Konseo","description":"V\u011bnujeme se projekt\u016fm od f\u00e1ze studie, p\u0159es stavebn\u00ed \u0159\u00edzen\u00ed a projekt pro prov\u00e1d\u011bn\u00ed a\u017e po d\u00edlenskou dokumentaci zhotovitele.","robots":{"index":"index","follow":"follow","max-snippet":"max-snippet:-1","max-image-preview":"max-image-preview:large","max-video-preview":"max-video-preview:-1"},"canonical":"https:\/\/www.konseo.cz\/?page_id=694","og_locale":"cs_CZ","og_type":"article","og_title":"RD Praha Kunratice - Konseo","og_description":"V\u011bnujeme se projekt\u016fm od f\u00e1ze studie, p\u0159es stavebn\u00ed \u0159\u00edzen\u00ed a projekt pro prov\u00e1d\u011bn\u00ed a\u017e po d\u00edlenskou dokumentaci zhotovitele.","og_url":"https:\/\/www.konseo.cz\/?page_id=694","og_site_name":"Konseo","article_modified_time":"2024-01-26T13:04:05+00:00","og_image":[{"width":1024,"height":683,"url":"http:\/\/www.konseo.cz\/wp-content\/uploads\/2022\/05\/Image0001-5.jpg","type":"image\/jpeg"}],"twitter_card":"summary_large_image","twitter_misc":{"Odhadovan\u00e1 doba \u010dten\u00ed":"3 minuty"},"schema":{"@context":"https:\/\/schema.org","@graph":[{"@type":"WebPage","@id":"https:\/\/www.konseo.cz\/?page_id=694","url":"https:\/\/www.konseo.cz\/?page_id=694","name":"RD Praha Kunratice - Konseo","isPartOf":{"@id":"https:\/\/www.konseo.cz\/#website"},"primaryImageOfPage":{"@id":"https:\/\/www.konseo.cz\/?page_id=694#primaryimage"},"image":{"@id":"https:\/\/www.konseo.cz\/?page_id=694#primaryimage"},"thumbnailUrl":"http:\/\/www.konseo.cz\/wp-content\/uploads\/2022\/05\/Image0001-5-768x512.jpg","datePublished":"2022-05-09T19:46:43+00:00","dateModified":"2024-01-26T13:04:05+00:00","description":"V\u011bnujeme se projekt\u016fm od f\u00e1ze studie, p\u0159es stavebn\u00ed \u0159\u00edzen\u00ed a projekt pro prov\u00e1d\u011bn\u00ed a\u017e po d\u00edlenskou dokumentaci zhotovitele.","breadcrumb":{"@id":"https:\/\/www.konseo.cz\/?page_id=694#breadcrumb"},"inLanguage":"cs","potentialAction":[{"@type":"ReadAction","target":["https:\/\/www.konseo.cz\/?page_id=694"]}]},{"@type":"ImageObject","inLanguage":"cs","@id":"https:\/\/www.konseo.cz\/?page_id=694#primaryimage","url":"http:\/\/www.konseo.cz\/wp-content\/uploads\/2022\/05\/Image0001-5-768x512.jpg","contentUrl":"http:\/\/www.konseo.cz\/wp-content\/uploads\/2022\/05\/Image0001-5-768x512.jpg"},{"@type":"BreadcrumbList","@id":"https:\/\/www.konseo.cz\/?page_id=694#breadcrumb","itemListElement":[{"@type":"ListItem","position":1,"name":"Dom\u016f","item":"https:\/\/www.konseo.cz\/"},{"@type":"ListItem","position":2,"name":"RD Praha Kunratice"}]},{"@type":"WebSite","@id":"https:\/\/www.konseo.cz\/#website","url":"https:\/\/www.konseo.cz\/","name":"Konseo","description":"Statick\u00e1 kancel\u00e1\u0159","publisher":{"@id":"https:\/\/www.konseo.cz\/#organization"},"potentialAction":[{"@type":"SearchAction","target":{"@type":"EntryPoint","urlTemplate":"https:\/\/www.konseo.cz\/?s={search_term_string}"},"query-input":{"@type":"PropertyValueSpecification","valueRequired":true,"valueName":"search_term_string"}}],"inLanguage":"cs"},{"@type":"Organization","@id":"https:\/\/www.konseo.cz\/#organization","name":"Konseo","url":"https:\/\/www.konseo.cz\/","logo":{"@type":"ImageObject","inLanguage":"cs","@id":"https:\/\/www.konseo.cz\/#\/schema\/logo\/image\/","url":"https:\/\/www.konseo.cz\/wp-content\/uploads\/2022\/04\/logo5.png","contentUrl":"https:\/\/www.konseo.cz\/wp-content\/uploads\/2022\/04\/logo5.png","width":950,"height":200,"caption":"Konseo"},"image":{"@id":"https:\/\/www.konseo.cz\/#\/schema\/logo\/image\/"}}]}},"_links":{"self":[{"href":"https:\/\/www.konseo.cz\/index.php?rest_route=\/wp\/v2\/pages\/694","targetHints":{"allow":["GET"]}}],"collection":[{"href":"https:\/\/www.konseo.cz\/index.php?rest_route=\/wp\/v2\/pages"}],"about":[{"href":"https:\/\/www.konseo.cz\/index.php?rest_route=\/wp\/v2\/types\/page"}],"author":[{"embeddable":true,"href":"https:\/\/www.konseo.cz\/index.php?rest_route=\/wp\/v2\/users\/1"}],"replies":[{"embeddable":true,"href":"https:\/\/www.konseo.cz\/index.php?rest_route=%2Fwp%2Fv2%2Fcomments&post=694"}],"version-history":[{"count":11,"href":"https:\/\/www.konseo.cz\/index.php?rest_route=\/wp\/v2\/pages\/694\/revisions"}],"predecessor-version":[{"id":1241,"href":"https:\/\/www.konseo.cz\/index.php?rest_route=\/wp\/v2\/pages\/694\/revisions\/1241"}],"wp:attachment":[{"href":"https:\/\/www.konseo.cz\/index.php?rest_route=%2Fwp%2Fv2%2Fmedia&parent=694"}],"curies":[{"name":"wp","href":"https:\/\/api.w.org\/{rel}","templated":true}]}}