{"id":259,"date":"2022-03-30T17:47:55","date_gmt":"2022-03-30T17:47:55","guid":{"rendered":"https:\/\/www.konseo.cz\/?page_id=259"},"modified":"2023-11-16T15:55:36","modified_gmt":"2023-11-16T15:55:36","slug":"kariera","status":"publish","type":"page","link":"https:\/\/www.konseo.cz\/?page_id=259","title":{"rendered":"Kari\u00e9ra"},"content":{"rendered":"\t\t<div data-elementor-type=\"wp-page\" data-elementor-id=\"259\" class=\"elementor elementor-259\">\n\t\t\t\t\t\t<section class=\"elementor-section elementor-top-section elementor-element elementor-element-a95890b elementor-section-boxed elementor-section-height-default elementor-section-height-default\" data-id=\"a95890b\" data-element_type=\"section\" data-e-type=\"section\" data-settings=\"{&quot;background_background&quot;:&quot;classic&quot;,&quot;shape_divider_top&quot;:&quot;arrow&quot;}\">\n\t\t\t\t\t\t\t<div class=\"elementor-background-overlay\"><\/div>\n\t\t\t\t\t\t<div class=\"elementor-shape elementor-shape-top\" aria-hidden=\"true\" data-negative=\"false\">\n\t\t\t<svg xmlns=\"http:\/\/www.w3.org\/2000\/svg\" viewBox=\"0 0 700 10\" preserveAspectRatio=\"none\">\n\t<path class=\"elementor-shape-fill\" d=\"M350,10L340,0h20L350,10z\"\/>\n<\/svg>\t\t<\/div>\n\t\t\t\t\t<div class=\"elementor-container elementor-column-gap-default\">\n\t\t\t\t\t<div class=\"elementor-column elementor-col-100 elementor-top-column elementor-element elementor-element-f18668d\" data-id=\"f18668d\" data-element_type=\"column\" data-e-type=\"column\">\n\t\t\t<div class=\"elementor-widget-wrap elementor-element-populated\">\n\t\t\t\t\t\t<div class=\"elementor-element elementor-element-15cee69 e-transform elementor-widget elementor-widget-spacer\" data-id=\"15cee69\" data-element_type=\"widget\" data-e-type=\"widget\" data-settings=\"{&quot;_transform_skewX_effect&quot;:{&quot;unit&quot;:&quot;px&quot;,&quot;size&quot;:&quot;&quot;,&quot;sizes&quot;:[]},&quot;_transform_skewX_effect_tablet&quot;:{&quot;unit&quot;:&quot;deg&quot;,&quot;size&quot;:&quot;&quot;,&quot;sizes&quot;:[]},&quot;_transform_skewX_effect_mobile&quot;:{&quot;unit&quot;:&quot;deg&quot;,&quot;size&quot;:&quot;&quot;,&quot;sizes&quot;:[]},&quot;_transform_skewY_effect&quot;:{&quot;unit&quot;:&quot;px&quot;,&quot;size&quot;:&quot;&quot;,&quot;sizes&quot;:[]},&quot;_transform_skewY_effect_tablet&quot;:{&quot;unit&quot;:&quot;deg&quot;,&quot;size&quot;:&quot;&quot;,&quot;sizes&quot;:[]},&quot;_transform_skewY_effect_mobile&quot;:{&quot;unit&quot;:&quot;deg&quot;,&quot;size&quot;:&quot;&quot;,&quot;sizes&quot;:[]}}\" data-widget_type=\"spacer.default\">\n\t\t\t\t<div class=\"elementor-widget-container\">\n\t\t\t\t\t\t\t<div class=\"elementor-spacer\">\n\t\t\t<div class=\"elementor-spacer-inner\"><\/div>\n\t\t<\/div>\n\t\t\t\t\t\t<\/div>\n\t\t\t\t<\/div>\n\t\t\t\t<div class=\"elementor-element elementor-element-1deeedf animated-slow elementor-invisible elementor-widget elementor-widget-heading\" data-id=\"1deeedf\" data-element_type=\"widget\" data-e-type=\"widget\" data-settings=\"{&quot;_animation&quot;:&quot;fadeIn&quot;}\" data-widget_type=\"heading.default\">\n\t\t\t\t<div class=\"elementor-widget-container\">\n\t\t\t\t\t<h1 class=\"elementor-heading-title elementor-size-default\">Kari\u00e9ra<\/h1>\t\t\t\t<\/div>\n\t\t\t\t<\/div>\n\t\t\t\t<div class=\"elementor-element elementor-element-300eae7 e-transform elementor-widget elementor-widget-spacer\" data-id=\"300eae7\" data-element_type=\"widget\" data-e-type=\"widget\" data-settings=\"{&quot;_transform_skewX_effect&quot;:{&quot;unit&quot;:&quot;px&quot;,&quot;size&quot;:&quot;&quot;,&quot;sizes&quot;:[]},&quot;_transform_skewX_effect_tablet&quot;:{&quot;unit&quot;:&quot;deg&quot;,&quot;size&quot;:&quot;&quot;,&quot;sizes&quot;:[]},&quot;_transform_skewX_effect_mobile&quot;:{&quot;unit&quot;:&quot;deg&quot;,&quot;size&quot;:&quot;&quot;,&quot;sizes&quot;:[]},&quot;_transform_skewY_effect&quot;:{&quot;unit&quot;:&quot;px&quot;,&quot;size&quot;:&quot;&quot;,&quot;sizes&quot;:[]},&quot;_transform_skewY_effect_tablet&quot;:{&quot;unit&quot;:&quot;deg&quot;,&quot;size&quot;:&quot;&quot;,&quot;sizes&quot;:[]},&quot;_transform_skewY_effect_mobile&quot;:{&quot;unit&quot;:&quot;deg&quot;,&quot;size&quot;:&quot;&quot;,&quot;sizes&quot;:[]}}\" data-widget_type=\"spacer.default\">\n\t\t\t\t<div class=\"elementor-widget-container\">\n\t\t\t\t\t\t\t<div class=\"elementor-spacer\">\n\t\t\t<div class=\"elementor-spacer-inner\"><\/div>\n\t\t<\/div>\n\t\t\t\t\t\t<\/div>\n\t\t\t\t<\/div>\n\t\t\t\t\t<\/div>\n\t\t<\/div>\n\t\t\t\t\t<\/div>\n\t\t<\/section>\n\t\t\t\t<section class=\"elementor-section elementor-top-section elementor-element elementor-element-29ea7b0 elementor-hidden-mobile elementor-section-boxed elementor-section-height-default elementor-section-height-default\" data-id=\"29ea7b0\" data-element_type=\"section\" data-e-type=\"section\">\n\t\t\t\t\t\t<div class=\"elementor-container elementor-column-gap-default\">\n\t\t\t\t\t<div class=\"elementor-column elementor-col-100 elementor-top-column elementor-element elementor-element-1ce33f7\" data-id=\"1ce33f7\" data-element_type=\"column\" data-e-type=\"column\">\n\t\t\t<div class=\"elementor-widget-wrap elementor-element-populated\">\n\t\t\t\t\t\t<div class=\"elementor-element elementor-element-a1e6f7b elementor-widget elementor-widget-spacer\" data-id=\"a1e6f7b\" data-element_type=\"widget\" data-e-type=\"widget\" data-widget_type=\"spacer.default\">\n\t\t\t\t<div class=\"elementor-widget-container\">\n\t\t\t\t\t\t\t<div class=\"elementor-spacer\">\n\t\t\t<div class=\"elementor-spacer-inner\"><\/div>\n\t\t<\/div>\n\t\t\t\t\t\t<\/div>\n\t\t\t\t<\/div>\n\t\t\t\t\t<\/div>\n\t\t<\/div>\n\t\t\t\t\t<\/div>\n\t\t<\/section>\n\t\t\t\t<section class=\"elementor-section elementor-top-section elementor-element elementor-element-9905f17 elementor-section-boxed elementor-section-height-default elementor-section-height-default\" data-id=\"9905f17\" data-element_type=\"section\" data-e-type=\"section\">\n\t\t\t\t\t\t<div class=\"elementor-container elementor-column-gap-default\">\n\t\t\t\t\t<div class=\"elementor-column elementor-col-25 elementor-top-column elementor-element elementor-element-5a705a9\" data-id=\"5a705a9\" data-element_type=\"column\" data-e-type=\"column\">\n\t\t\t<div class=\"elementor-widget-wrap\">\n\t\t\t\t\t\t\t<\/div>\n\t\t<\/div>\n\t\t\t\t<div class=\"elementor-column elementor-col-50 elementor-top-column elementor-element elementor-element-d214782\" data-id=\"d214782\" data-element_type=\"column\" data-e-type=\"column\">\n\t\t\t<div class=\"elementor-widget-wrap elementor-element-populated\">\n\t\t\t\t\t\t<div class=\"elementor-element elementor-element-918dfa5 elementor-widget elementor-widget-heading\" data-id=\"918dfa5\" data-element_type=\"widget\" data-e-type=\"widget\" data-widget_type=\"heading.default\">\n\t\t\t\t<div class=\"elementor-widget-container\">\n\t\t\t\t\t<h2 class=\"elementor-heading-title elementor-size-default\">Hled\u00e1me kolegy<\/h2>\t\t\t\t<\/div>\n\t\t\t\t<\/div>\n\t\t\t\t<div class=\"elementor-element elementor-element-2c86c36 elementor-widget elementor-widget-text-editor\" data-id=\"2c86c36\" data-element_type=\"widget\" data-e-type=\"widget\" data-widget_type=\"text-editor.default\">\n\t\t\t\t<div class=\"elementor-widget-container\">\n\t\t\t\t\t\t\t\t\t<ul><li>Studenty i absolventy na \u010d\u00e1ste\u010dn\u00fd nebo pln\u00fd \u00favazek.<\/li><li>Jsme statick\u00e1 kancel\u00e1\u0159 zam\u011b\u0159en\u00e1 na betonov\u00e9 a d\u0159ev\u011bn\u00e9 konstrukce.<\/li><li>S\u00eddl\u00edme na Praze 9 u metra Vyso\u010dansk\u00e1.<\/li><\/ul><p><strong>Po\u017eadujeme:<\/strong><\/p><ul><li>z\u00e1kladn\u00ed znalosti AutoCADu, Revitu v\u00fdhodou<\/li><li>z\u00e1jem o statiku<\/li><\/ul><p>V p\u0159\u00edpad\u011b z\u00e1jmu za\u0161lete \u017eivotopis na <a href=\"mailto:klecka@konseo.cz\">klecka@konseo.cz<\/a>.<\/p>\t\t\t\t\t\t\t\t<\/div>\n\t\t\t\t<\/div>\n\t\t\t\t<div class=\"elementor-element elementor-element-a6e7e7f elementor-widget elementor-widget-text-editor\" data-id=\"a6e7e7f\" data-element_type=\"widget\" data-e-type=\"widget\" data-widget_type=\"text-editor.default\">\n\t\t\t\t<div class=\"elementor-widget-container\">\n\t\t\t\t\t\t\t\t\t<p style=\"font-weight: 400;\">Nab\u00edr\u00e1me i studenty \u010di in\u017een\u00fdry z Ukrajiny. &#8222;Po\u017eadujeme&#8220; z\u00e1klady \u010de\u0161tiny nebo angli\u010dtiny a Autocadu.<\/p><p style=\"font-weight: 400;\">\u041c\u0438 \u0442\u0430\u043a\u043e\u0436 \u043d\u0430\u0431\u0438\u0440\u0430\u0454\u043c\u043e \u0441\u0442\u0443\u0434\u0435\u043d\u0442\u0456\u0432 \u0430\u0431\u043e \u0456\u043d\u0436\u0435\u043d\u0435\u0440\u0456\u0432 \u0437 \u0423\u043a\u0440\u0430\u0457\u043d\u0438. \u041d\u0430\u043c \u00ab\u043f\u043e\u0442\u0440\u0456\u0431\u043d\u0456\u00bb \u043e\u0441\u043d\u043e\u0432\u0438 \u0447\u0435\u0441\u044c\u043a\u043e\u0457 \u0430\u0431\u043e \u0430\u043d\u0433\u043b\u0456\u0439\u0441\u044c\u043a\u043e\u0457 \u043c\u043e\u0432\u0438 \u0442\u0430 Autocad.<\/p>\t\t\t\t\t\t\t\t<\/div>\n\t\t\t\t<\/div>\n\t\t\t\t\t<\/div>\n\t\t<\/div>\n\t\t\t\t<div class=\"elementor-column elementor-col-25 elementor-top-column elementor-element elementor-element-52145bb\" data-id=\"52145bb\" data-element_type=\"column\" data-e-type=\"column\">\n\t\t\t<div class=\"elementor-widget-wrap\">\n\t\t\t\t\t\t\t<\/div>\n\t\t<\/div>\n\t\t\t\t\t<\/div>\n\t\t<\/section>\n\t\t\t\t<section class=\"elementor-section elementor-top-section elementor-element elementor-element-b852df7 elementor-hidden-mobile elementor-section-boxed elementor-section-height-default elementor-section-height-default\" data-id=\"b852df7\" data-element_type=\"section\" data-e-type=\"section\">\n\t\t\t\t\t\t<div class=\"elementor-container elementor-column-gap-default\">\n\t\t\t\t\t<div class=\"elementor-column elementor-col-100 elementor-top-column elementor-element elementor-element-0e04c45\" data-id=\"0e04c45\" data-element_type=\"column\" data-e-type=\"column\">\n\t\t\t<div class=\"elementor-widget-wrap elementor-element-populated\">\n\t\t\t\t\t\t<div class=\"elementor-element elementor-element-9a6685e elementor-widget elementor-widget-spacer\" data-id=\"9a6685e\" data-element_type=\"widget\" data-e-type=\"widget\" data-widget_type=\"spacer.default\">\n\t\t\t\t<div class=\"elementor-widget-container\">\n\t\t\t\t\t\t\t<div class=\"elementor-spacer\">\n\t\t\t<div class=\"elementor-spacer-inner\"><\/div>\n\t\t<\/div>\n\t\t\t\t\t\t<\/div>\n\t\t\t\t<\/div>\n\t\t\t\t<div class=\"elementor-element elementor-element-bddd97f elementor-widget elementor-widget-image-gallery\" data-id=\"bddd97f\" data-element_type=\"widget\" data-e-type=\"widget\" data-widget_type=\"image-gallery.default\">\n\t\t\t\t<div class=\"elementor-widget-container\">\n\t\t\t\t\t\t\t<div class=\"elementor-image-gallery\">\n\t\t\t<div id='gallery-1' class='gallery galleryid-259 gallery-columns-2 gallery-size-medium'><figure class='gallery-item'>\n\t\t\t<div class='gallery-icon landscape'>\n\t\t\t\t<a data-elementor-open-lightbox=\"yes\" data-elementor-lightbox-slideshow=\"bddd97f\" data-elementor-lightbox-title=\"St\u00e1j b\u00fdk\u016f\" data-elementor-lightbox-description=\"Autor\" data-e-action-hash=\"#elementor-action%3Aaction%3Dlightbox%26settings%3DeyJpZCI6MTk2LCJ1cmwiOiJodHRwczpcL1wvd3d3LmtvbnNlby5jelwvd3AtY29udGVudFwvdXBsb2Fkc1wvMjAyMlwvMDNcL1BPSExFRC1IQUxPVS5qcGVnIiwic2xpZGVzaG93IjoiYmRkZDk3ZiJ9\" href='https:\/\/www.konseo.cz\/wp-content\/uploads\/2022\/03\/POHLED-HALOU.jpeg'><img decoding=\"async\" width=\"300\" height=\"150\" src=\"https:\/\/www.konseo.cz\/wp-content\/uploads\/2022\/03\/POHLED-HALOU-300x150.jpeg\" class=\"attachment-medium size-medium\" alt=\"\" srcset=\"https:\/\/www.konseo.cz\/wp-content\/uploads\/2022\/03\/POHLED-HALOU-300x150.jpeg 300w, https:\/\/www.konseo.cz\/wp-content\/uploads\/2022\/03\/POHLED-HALOU-1024x512.jpeg 1024w, https:\/\/www.konseo.cz\/wp-content\/uploads\/2022\/03\/POHLED-HALOU-768x384.jpeg 768w, https:\/\/www.konseo.cz\/wp-content\/uploads\/2022\/03\/POHLED-HALOU-1536x768.jpeg 1536w, https:\/\/www.konseo.cz\/wp-content\/uploads\/2022\/03\/POHLED-HALOU.jpeg 1600w\" sizes=\"(max-width: 300px) 100vw, 300px\" \/><\/a>\n\t\t\t<\/div><\/figure><figure class='gallery-item'>\n\t\t\t<div class='gallery-icon landscape'>\n\t\t\t\t<a data-elementor-open-lightbox=\"yes\" data-elementor-lightbox-slideshow=\"bddd97f\" data-elementor-lightbox-title=\"St\u00e1j b\u00fdk\u016f\" data-elementor-lightbox-description=\"Autor\" data-e-action-hash=\"#elementor-action%3Aaction%3Dlightbox%26settings%3DeyJpZCI6MzUzLCJ1cmwiOiJodHRwczpcL1wvd3d3LmtvbnNlby5jelwvd3AtY29udGVudFwvdXBsb2Fkc1wvMjAyMlwvMDRcL3Rlc2JfbW9kZWxfMDAyLmlmYy0zLnBuZyIsInNsaWRlc2hvdyI6ImJkZGQ5N2YifQ%3D%3D\" href='https:\/\/www.konseo.cz\/wp-content\/uploads\/2022\/04\/tesb_model_002.ifc-3.png'><img decoding=\"async\" width=\"300\" height=\"157\" src=\"https:\/\/www.konseo.cz\/wp-content\/uploads\/2022\/04\/tesb_model_002.ifc-3-300x157.png\" class=\"attachment-medium size-medium\" alt=\"\" srcset=\"https:\/\/www.konseo.cz\/wp-content\/uploads\/2022\/04\/tesb_model_002.ifc-3-300x157.png 300w, https:\/\/www.konseo.cz\/wp-content\/uploads\/2022\/04\/tesb_model_002.ifc-3-768x401.png 768w, https:\/\/www.konseo.cz\/wp-content\/uploads\/2022\/04\/tesb_model_002.ifc-3.png 838w\" sizes=\"(max-width: 300px) 100vw, 300px\" \/><\/a>\n\t\t\t<\/div><\/figure>\n\t\t<\/div>\n\t\t<\/div>\n\t\t\t\t\t\t<\/div>\n\t\t\t\t<\/div>\n\t\t\t\t<div class=\"elementor-element elementor-element-e823117 elementor-widget elementor-widget-spacer\" data-id=\"e823117\" data-element_type=\"widget\" data-e-type=\"widget\" data-widget_type=\"spacer.default\">\n\t\t\t\t<div class=\"elementor-widget-container\">\n\t\t\t\t\t\t\t<div class=\"elementor-spacer\">\n\t\t\t<div class=\"elementor-spacer-inner\"><\/div>\n\t\t<\/div>\n\t\t\t\t\t\t<\/div>\n\t\t\t\t<\/div>\n\t\t\t\t\t<\/div>\n\t\t<\/div>\n\t\t\t\t\t<\/div>\n\t\t<\/section>\n\t\t\t\t<\/div>\n\t\t","protected":false},"excerpt":{"rendered":"<p>Kari\u00e9ra Hled\u00e1me kolegy Studenty i absolventy na \u010d\u00e1ste\u010dn\u00fd nebo pln\u00fd \u00favazek. Jsme statick\u00e1 kancel\u00e1\u0159 zam\u011b\u0159en\u00e1 na betonov\u00e9 a d\u0159ev\u011bn\u00e9 konstrukce. S\u00eddl\u00edme na Praze 9 u metra Vyso\u010dansk\u00e1. Po\u017eadujeme: z\u00e1kladn\u00ed znalosti AutoCADu, Revitu v\u00fdhodou z\u00e1jem o statiku V p\u0159\u00edpad\u011b z\u00e1jmu za\u0161lete \u017eivotopis na klecka@konseo.cz. Nab\u00edr\u00e1me i studenty \u010di in\u017een\u00fdry z Ukrajiny. &#8222;Po\u017eadujeme&#8220; z\u00e1klady \u010de\u0161tiny nebo angli\u010dtiny &hellip;<\/p>\n<p class=\"read-more\"> <a class=\"\" href=\"https:\/\/www.konseo.cz\/?page_id=259\"> <span class=\"screen-reader-text\">Kari\u00e9ra<\/span> Pokra\u010dovat ve \u010dten\u00ed &raquo;<\/a><\/p>\n","protected":false},"author":1,"featured_media":0,"parent":0,"menu_order":0,"comment_status":"closed","ping_status":"closed","template":"","meta":{"site-sidebar-layout":"no-sidebar","site-content-layout":"page-builder","ast-global-header-display":"","ast-main-header-display":"","ast-hfb-above-header-display":"","ast-hfb-below-header-display":"","ast-hfb-mobile-header-display":"","site-post-title":"disabled","ast-breadcrumbs-content":"","ast-featured-img":"disabled","footer-sml-layout":"","theme-transparent-header-meta":"","adv-header-id-meta":"","stick-header-meta":"","header-above-stick-meta":"","header-main-stick-meta":"","header-below-stick-meta":"","footnotes":""},"class_list":["post-259","page","type-page","status-publish","hentry"],"yoast_head":"<!-- This site is optimized with the Yoast SEO plugin v27.5 - https:\/\/yoast.com\/product\/yoast-seo-wordpress\/ -->\n<title>Kari\u00e9ra - Konseo<\/title>\n<meta name=\"description\" content=\"Hled\u00e1me kolegy - Studenty i absolventy na \u010d\u00e1ste\u010dn\u00fd nebo pln\u00fd \u00favazek. Jsme statick\u00e1 kancel\u00e1\u0159 zam\u011b\u0159en\u00e1 na betonov\u00e9 a d\u0159ev\u011bn\u00e9 konstrukce.\" \/>\n<meta name=\"robots\" content=\"index, follow, max-snippet:-1, max-image-preview:large, max-video-preview:-1\" \/>\n<link rel=\"canonical\" href=\"https:\/\/www.konseo.cz\/?page_id=259\" \/>\n<meta property=\"og:locale\" content=\"cs_CZ\" \/>\n<meta property=\"og:type\" content=\"article\" \/>\n<meta property=\"og:title\" content=\"Kari\u00e9ra - Konseo\" \/>\n<meta property=\"og:description\" content=\"Hled\u00e1me kolegy - Studenty i absolventy na \u010d\u00e1ste\u010dn\u00fd nebo pln\u00fd \u00favazek. Jsme statick\u00e1 kancel\u00e1\u0159 zam\u011b\u0159en\u00e1 na betonov\u00e9 a d\u0159ev\u011bn\u00e9 konstrukce.\" \/>\n<meta property=\"og:url\" content=\"https:\/\/www.konseo.cz\/?page_id=259\" \/>\n<meta property=\"og:site_name\" content=\"Konseo\" \/>\n<meta property=\"article:modified_time\" content=\"2023-11-16T15:55:36+00:00\" \/>\n<meta property=\"og:image\" content=\"http:\/\/www.konseo.cz\/wp-content\/uploads\/2022\/04\/pdpe____301.ifc-3.png\" \/>\n\t<meta property=\"og:image:width\" content=\"691\" \/>\n\t<meta property=\"og:image:height\" content=\"518\" \/>\n\t<meta property=\"og:image:type\" content=\"image\/png\" \/>\n<meta name=\"twitter:card\" content=\"summary_large_image\" \/>\n<meta name=\"twitter:label1\" content=\"Odhadovan\u00e1 doba \u010dten\u00ed\" \/>\n\t<meta name=\"twitter:data1\" content=\"1 minuta\" \/>\n<script type=\"application\/ld+json\" class=\"yoast-schema-graph\">{\"@context\":\"https:\\\/\\\/schema.org\",\"@graph\":[{\"@type\":\"WebPage\",\"@id\":\"https:\\\/\\\/www.konseo.cz\\\/?page_id=259\",\"url\":\"https:\\\/\\\/www.konseo.cz\\\/?page_id=259\",\"name\":\"Kari\u00e9ra - Konseo\",\"isPartOf\":{\"@id\":\"https:\\\/\\\/www.konseo.cz\\\/#website\"},\"primaryImageOfPage\":{\"@id\":\"https:\\\/\\\/www.konseo.cz\\\/?page_id=259#primaryimage\"},\"image\":{\"@id\":\"https:\\\/\\\/www.konseo.cz\\\/?page_id=259#primaryimage\"},\"thumbnailUrl\":\"http:\\\/\\\/www.konseo.cz\\\/wp-content\\\/uploads\\\/2022\\\/03\\\/POHLED-HALOU-300x150.jpeg\",\"datePublished\":\"2022-03-30T17:47:55+00:00\",\"dateModified\":\"2023-11-16T15:55:36+00:00\",\"description\":\"Hled\u00e1me kolegy - Studenty i absolventy na \u010d\u00e1ste\u010dn\u00fd nebo pln\u00fd \u00favazek. Jsme statick\u00e1 kancel\u00e1\u0159 zam\u011b\u0159en\u00e1 na betonov\u00e9 a d\u0159ev\u011bn\u00e9 konstrukce.\",\"breadcrumb\":{\"@id\":\"https:\\\/\\\/www.konseo.cz\\\/?page_id=259#breadcrumb\"},\"inLanguage\":\"cs\",\"potentialAction\":[{\"@type\":\"ReadAction\",\"target\":[\"https:\\\/\\\/www.konseo.cz\\\/?page_id=259\"]}]},{\"@type\":\"ImageObject\",\"inLanguage\":\"cs\",\"@id\":\"https:\\\/\\\/www.konseo.cz\\\/?page_id=259#primaryimage\",\"url\":\"http:\\\/\\\/www.konseo.cz\\\/wp-content\\\/uploads\\\/2022\\\/03\\\/POHLED-HALOU-300x150.jpeg\",\"contentUrl\":\"http:\\\/\\\/www.konseo.cz\\\/wp-content\\\/uploads\\\/2022\\\/03\\\/POHLED-HALOU-300x150.jpeg\"},{\"@type\":\"BreadcrumbList\",\"@id\":\"https:\\\/\\\/www.konseo.cz\\\/?page_id=259#breadcrumb\",\"itemListElement\":[{\"@type\":\"ListItem\",\"position\":1,\"name\":\"Dom\u016f\",\"item\":\"https:\\\/\\\/www.konseo.cz\\\/\"},{\"@type\":\"ListItem\",\"position\":2,\"name\":\"Kari\u00e9ra\"}]},{\"@type\":\"WebSite\",\"@id\":\"https:\\\/\\\/www.konseo.cz\\\/#website\",\"url\":\"https:\\\/\\\/www.konseo.cz\\\/\",\"name\":\"Konseo\",\"description\":\"Statick\u00e1 kancel\u00e1\u0159\",\"publisher\":{\"@id\":\"https:\\\/\\\/www.konseo.cz\\\/#organization\"},\"potentialAction\":[{\"@type\":\"SearchAction\",\"target\":{\"@type\":\"EntryPoint\",\"urlTemplate\":\"https:\\\/\\\/www.konseo.cz\\\/?s={search_term_string}\"},\"query-input\":{\"@type\":\"PropertyValueSpecification\",\"valueRequired\":true,\"valueName\":\"search_term_string\"}}],\"inLanguage\":\"cs\"},{\"@type\":\"Organization\",\"@id\":\"https:\\\/\\\/www.konseo.cz\\\/#organization\",\"name\":\"Konseo\",\"url\":\"https:\\\/\\\/www.konseo.cz\\\/\",\"logo\":{\"@type\":\"ImageObject\",\"inLanguage\":\"cs\",\"@id\":\"https:\\\/\\\/www.konseo.cz\\\/#\\\/schema\\\/logo\\\/image\\\/\",\"url\":\"https:\\\/\\\/www.konseo.cz\\\/wp-content\\\/uploads\\\/2022\\\/04\\\/logo5.png\",\"contentUrl\":\"https:\\\/\\\/www.konseo.cz\\\/wp-content\\\/uploads\\\/2022\\\/04\\\/logo5.png\",\"width\":950,\"height\":200,\"caption\":\"Konseo\"},\"image\":{\"@id\":\"https:\\\/\\\/www.konseo.cz\\\/#\\\/schema\\\/logo\\\/image\\\/\"}}]}<\/script>\n<!-- \/ Yoast SEO plugin. -->","yoast_head_json":{"title":"Kari\u00e9ra - Konseo","description":"Hled\u00e1me kolegy - Studenty i absolventy na \u010d\u00e1ste\u010dn\u00fd nebo pln\u00fd \u00favazek. Jsme statick\u00e1 kancel\u00e1\u0159 zam\u011b\u0159en\u00e1 na betonov\u00e9 a d\u0159ev\u011bn\u00e9 konstrukce.","robots":{"index":"index","follow":"follow","max-snippet":"max-snippet:-1","max-image-preview":"max-image-preview:large","max-video-preview":"max-video-preview:-1"},"canonical":"https:\/\/www.konseo.cz\/?page_id=259","og_locale":"cs_CZ","og_type":"article","og_title":"Kari\u00e9ra - Konseo","og_description":"Hled\u00e1me kolegy - Studenty i absolventy na \u010d\u00e1ste\u010dn\u00fd nebo pln\u00fd \u00favazek. Jsme statick\u00e1 kancel\u00e1\u0159 zam\u011b\u0159en\u00e1 na betonov\u00e9 a d\u0159ev\u011bn\u00e9 konstrukce.","og_url":"https:\/\/www.konseo.cz\/?page_id=259","og_site_name":"Konseo","article_modified_time":"2023-11-16T15:55:36+00:00","og_image":[{"width":691,"height":518,"url":"http:\/\/www.konseo.cz\/wp-content\/uploads\/2022\/04\/pdpe____301.ifc-3.png","type":"image\/png"}],"twitter_card":"summary_large_image","twitter_misc":{"Odhadovan\u00e1 doba \u010dten\u00ed":"1 minuta"},"schema":{"@context":"https:\/\/schema.org","@graph":[{"@type":"WebPage","@id":"https:\/\/www.konseo.cz\/?page_id=259","url":"https:\/\/www.konseo.cz\/?page_id=259","name":"Kari\u00e9ra - Konseo","isPartOf":{"@id":"https:\/\/www.konseo.cz\/#website"},"primaryImageOfPage":{"@id":"https:\/\/www.konseo.cz\/?page_id=259#primaryimage"},"image":{"@id":"https:\/\/www.konseo.cz\/?page_id=259#primaryimage"},"thumbnailUrl":"http:\/\/www.konseo.cz\/wp-content\/uploads\/2022\/03\/POHLED-HALOU-300x150.jpeg","datePublished":"2022-03-30T17:47:55+00:00","dateModified":"2023-11-16T15:55:36+00:00","description":"Hled\u00e1me kolegy - Studenty i absolventy na \u010d\u00e1ste\u010dn\u00fd nebo pln\u00fd \u00favazek. Jsme statick\u00e1 kancel\u00e1\u0159 zam\u011b\u0159en\u00e1 na betonov\u00e9 a d\u0159ev\u011bn\u00e9 konstrukce.","breadcrumb":{"@id":"https:\/\/www.konseo.cz\/?page_id=259#breadcrumb"},"inLanguage":"cs","potentialAction":[{"@type":"ReadAction","target":["https:\/\/www.konseo.cz\/?page_id=259"]}]},{"@type":"ImageObject","inLanguage":"cs","@id":"https:\/\/www.konseo.cz\/?page_id=259#primaryimage","url":"http:\/\/www.konseo.cz\/wp-content\/uploads\/2022\/03\/POHLED-HALOU-300x150.jpeg","contentUrl":"http:\/\/www.konseo.cz\/wp-content\/uploads\/2022\/03\/POHLED-HALOU-300x150.jpeg"},{"@type":"BreadcrumbList","@id":"https:\/\/www.konseo.cz\/?page_id=259#breadcrumb","itemListElement":[{"@type":"ListItem","position":1,"name":"Dom\u016f","item":"https:\/\/www.konseo.cz\/"},{"@type":"ListItem","position":2,"name":"Kari\u00e9ra"}]},{"@type":"WebSite","@id":"https:\/\/www.konseo.cz\/#website","url":"https:\/\/www.konseo.cz\/","name":"Konseo","description":"Statick\u00e1 kancel\u00e1\u0159","publisher":{"@id":"https:\/\/www.konseo.cz\/#organization"},"potentialAction":[{"@type":"SearchAction","target":{"@type":"EntryPoint","urlTemplate":"https:\/\/www.konseo.cz\/?s={search_term_string}"},"query-input":{"@type":"PropertyValueSpecification","valueRequired":true,"valueName":"search_term_string"}}],"inLanguage":"cs"},{"@type":"Organization","@id":"https:\/\/www.konseo.cz\/#organization","name":"Konseo","url":"https:\/\/www.konseo.cz\/","logo":{"@type":"ImageObject","inLanguage":"cs","@id":"https:\/\/www.konseo.cz\/#\/schema\/logo\/image\/","url":"https:\/\/www.konseo.cz\/wp-content\/uploads\/2022\/04\/logo5.png","contentUrl":"https:\/\/www.konseo.cz\/wp-content\/uploads\/2022\/04\/logo5.png","width":950,"height":200,"caption":"Konseo"},"image":{"@id":"https:\/\/www.konseo.cz\/#\/schema\/logo\/image\/"}}]}},"_links":{"self":[{"href":"https:\/\/www.konseo.cz\/index.php?rest_route=\/wp\/v2\/pages\/259","targetHints":{"allow":["GET"]}}],"collection":[{"href":"https:\/\/www.konseo.cz\/index.php?rest_route=\/wp\/v2\/pages"}],"about":[{"href":"https:\/\/www.konseo.cz\/index.php?rest_route=\/wp\/v2\/types\/page"}],"author":[{"embeddable":true,"href":"https:\/\/www.konseo.cz\/index.php?rest_route=\/wp\/v2\/users\/1"}],"replies":[{"embeddable":true,"href":"https:\/\/www.konseo.cz\/index.php?rest_route=%2Fwp%2Fv2%2Fcomments&post=259"}],"version-history":[{"count":29,"href":"https:\/\/www.konseo.cz\/index.php?rest_route=\/wp\/v2\/pages\/259\/revisions"}],"predecessor-version":[{"id":869,"href":"https:\/\/www.konseo.cz\/index.php?rest_route=\/wp\/v2\/pages\/259\/revisions\/869"}],"wp:attachment":[{"href":"https:\/\/www.konseo.cz\/index.php?rest_route=%2Fwp%2Fv2%2Fmedia&parent=259"}],"curies":[{"name":"wp","href":"https:\/\/api.w.org\/{rel}","templated":true}]}}